{"id":1541,"date":"2024-03-24T13:41:29","date_gmt":"2024-03-24T13:41:29","guid":{"rendered":"https:\/\/aurora-drilling.com\/?page_id=1541"},"modified":"2025-08-29T09:07:11","modified_gmt":"2025-08-29T09:07:11","slug":"mediatheque","status":"publish","type":"page","link":"https:\/\/aurora-drilling.com\/en\/mediatheque\/","title":{"rendered":"media library"},"content":{"rendered":"<style>.kb-row-layout-id1541_894d3c-f9 > .kt-row-column-wrap{align-content:start;}:where(.kb-row-layout-id1541_894d3c-f9 > .kt-row-column-wrap) > .wp-block-kadence-column{justify-content:start;}.kb-row-layout-id1541_894d3c-f9 > .kt-row-column-wrap{column-gap:var(--global-kb-gap-md, 2rem);row-gap:var(--global-kb-gap-md, 2rem);max-width:var( --global-content-width, 1290px );padding-left:var(--global-content-edge-padding);padding-right:var(--global-content-edge-padding);padding-top:var(--global-kb-spacing-4xl, 8rem);padding-bottom:var(--global-kb-spacing-3xl, 6.5rem);grid-template-columns:minmax(0, 1fr);}.kb-row-layout-id1541_894d3c-f9{background-image:url('https:\/\/aurora-drilling.com\/wp-content\/uploads\/2024\/03\/AB0A3458-2-scaled.jpg');background-size:cover;background-position:center center;background-attachment:scroll;background-repeat:no-repeat;}.kb-row-layout-id1541_894d3c-f9 > .kt-row-layout-overlay{opacity:0.20;background-color:var(--global-palette1, #3182CE);mix-blend-mode:normal;}@media all and (max-width: 1024px){.kb-row-layout-id1541_894d3c-f9 > .kt-row-column-wrap{grid-template-columns:minmax(0, 1fr);}}@media all and (max-width: 767px){.kb-row-layout-id1541_894d3c-f9 > .kt-row-column-wrap{grid-template-columns:minmax(0, 1fr);}}<\/style><div class=\"kb-row-layout-wrap kb-row-layout-id1541_894d3c-f9 alignfull has-theme-palette9-background-color kt-row-has-bg wp-block-kadence-rowlayout\"><div class=\"kt-row-layout-overlay kt-row-overlay-normal\"><\/div><div class=\"kt-row-column-wrap kt-has-1-columns kt-row-layout-equal kt-tab-layout-inherit kt-mobile-layout-row kt-row-valign-top kb-theme-content-width\">\n<style>.kadence-column1541_84f879-03 > .kt-inside-inner-col,.kadence-column1541_84f879-03 > .kt-inside-inner-col:before{border-top-left-radius:0px;border-top-right-radius:0px;border-bottom-right-radius:0px;border-bottom-left-radius:0px;}.kadence-column1541_84f879-03 > .kt-inside-inner-col{column-gap:var(--global-kb-gap-sm, 1rem);}.kadence-column1541_84f879-03 > .kt-inside-inner-col{flex-direction:column;}.kadence-column1541_84f879-03 > .kt-inside-inner-col > .aligncenter{width:100%;}.kadence-column1541_84f879-03 > .kt-inside-inner-col:before{opacity:0.3;}.kadence-column1541_84f879-03{position:relative;}.kadence-column1541_84f879-03, .kt-inside-inner-col > .kadence-column1541_84f879-03:not(.specificity){margin-top:var(--global-kb-spacing-lg, 3rem);}@media all and (max-width: 1024px){.kadence-column1541_84f879-03 > .kt-inside-inner-col{flex-direction:column;}}@media all and (max-width: 767px){.kadence-column1541_84f879-03 > .kt-inside-inner-col{flex-direction:column;}}<\/style>\n<div class=\"wp-block-kadence-column kadence-column1541_84f879-03 inner-column-1\"><div class=\"kt-inside-inner-col\"><style>.wp-block-kadence-advancedheading.kt-adv-heading1541_d314ab-5d, .wp-block-kadence-advancedheading.kt-adv-heading1541_d314ab-5d[data-kb-block=\"kb-adv-heading1541_d314ab-5d\"]{margin-top:var(--global-kb-spacing-xs, 1rem);margin-bottom:var(--global-kb-spacing-sm, 1.5rem);text-align:center;font-size:var(--global-kb-font-size-xl, 3rem);line-height:1.1;font-weight:700;font-style:normal;}.wp-block-kadence-advancedheading.kt-adv-heading1541_d314ab-5d mark.kt-highlight, .wp-block-kadence-advancedheading.kt-adv-heading1541_d314ab-5d[data-kb-block=\"kb-adv-heading1541_d314ab-5d\"] mark.kt-highlight{font-style:normal;color:#f76a0c;-webkit-box-decoration-break:clone;box-decoration-break:clone;padding-top:0px;padding-right:0px;padding-bottom:0px;padding-left:0px;}<\/style>\n<h2 class=\"kt-adv-heading1541_d314ab-5d wp-block-kadence-advancedheading has-theme-palette-9-color has-text-color\" data-kb-block=\"kb-adv-heading1541_d314ab-5d\">M\u00e9diath\u00e8que<\/h2>\n<\/div><\/div>\n\n<\/div><\/div>\n\n<style>.kb-row-layout-id1541_97fbc4-55 > .kt-row-column-wrap{align-content:start;}:where(.kb-row-layout-id1541_97fbc4-55 > .kt-row-column-wrap) > .wp-block-kadence-column{justify-content:start;}.kb-row-layout-id1541_97fbc4-55 > .kt-row-column-wrap{column-gap:var(--global-kb-gap-md, 2rem);row-gap:var(--global-kb-gap-md, 2rem);max-width:var( --global-content-width, 1290px );padding-left:var(--global-content-edge-padding);padding-right:var(--global-content-edge-padding);padding-top:var(--global-kb-spacing-3xl, 6.5rem);padding-bottom:var(--global-kb-spacing-lg, 3rem);grid-template-columns:minmax(0, 1fr);}.kb-row-layout-id1541_97fbc4-55{background-image:url('https:\/\/aurora-drilling.com\/wp-content\/uploads\/2024\/03\/AB0A3499-scaled.jpg');background-size:cover;background-position:center center;background-attachment:scroll;background-repeat:no-repeat;}.kb-row-layout-id1541_97fbc4-55 > .kt-row-layout-overlay{opacity:0.84;background-color:var(--global-palette9, #ffffff);}@media all and (max-width: 1024px){.kb-row-layout-id1541_97fbc4-55 > .kt-row-column-wrap{grid-template-columns:minmax(0, 1fr);}}@media all and (max-width: 767px){.kb-row-layout-id1541_97fbc4-55 > .kt-row-column-wrap{grid-template-columns:minmax(0, 1fr);}}<\/style><div class=\"kb-row-layout-wrap kb-row-layout-id1541_97fbc4-55 alignfull kt-row-has-bg wp-block-kadence-rowlayout\"><div class=\"kt-row-layout-overlay kt-row-overlay-normal\"><\/div><div class=\"kt-row-column-wrap kt-has-1-columns kt-row-layout-equal kt-tab-layout-inherit kt-mobile-layout-row kt-row-valign-top kb-theme-content-width\">\n<style>.kadence-column1541_ff5bda-b5 > .kt-inside-inner-col,.kadence-column1541_ff5bda-b5 > .kt-inside-inner-col:before{border-top-left-radius:0px;border-top-right-radius:0px;border-bottom-right-radius:0px;border-bottom-left-radius:0px;}.kadence-column1541_ff5bda-b5 > .kt-inside-inner-col{column-gap:var(--global-kb-gap-sm, 1rem);}.kadence-column1541_ff5bda-b5 > .kt-inside-inner-col{flex-direction:column;}.kadence-column1541_ff5bda-b5 > .kt-inside-inner-col > .aligncenter{width:100%;}.kadence-column1541_ff5bda-b5 > .kt-inside-inner-col:before{opacity:0.3;}.kadence-column1541_ff5bda-b5{position:relative;}@media all and (max-width: 1024px){.kadence-column1541_ff5bda-b5 > .kt-inside-inner-col{flex-direction:column;}}@media all and (max-width: 767px){.kadence-column1541_ff5bda-b5 > .kt-inside-inner-col{flex-direction:column;}}<\/style>\n<div class=\"wp-block-kadence-column kadence-column1541_ff5bda-b5\"><div class=\"kt-inside-inner-col\"><style>.kb-row-layout-id1541_d09edf-15 > .kt-row-column-wrap{align-content:start;}:where(.kb-row-layout-id1541_d09edf-15 > .kt-row-column-wrap) > .wp-block-kadence-column{justify-content:start;}.kb-row-layout-id1541_d09edf-15 > .kt-row-column-wrap{column-gap:var(--global-kb-gap-md, 2rem);row-gap:var(--global-kb-gap-none, 0rem );max-width:950px;margin-left:auto;margin-right:auto;padding-top:74px;padding-right:0px;padding-bottom:62px;padding-left:0px;}.kb-row-layout-id1541_d09edf-15 > .kt-row-column-wrap > div:not(.added-for-specificity){grid-column:initial;}.kb-row-layout-id1541_d09edf-15 > .kt-row-column-wrap{grid-template-columns:repeat(3, minmax(0, 1fr));}.kb-row-layout-id1541_d09edf-15 > .kt-row-layout-overlay{opacity:0.30;}@media all and (max-width: 1024px){.kb-row-layout-id1541_d09edf-15 > .kt-row-column-wrap > div:not(.added-for-specificity){grid-column:initial;}}@media all and (max-width: 1024px){.kb-row-layout-id1541_d09edf-15 > .kt-row-column-wrap{grid-template-columns:repeat(3, minmax(0, 1fr));}}@media all and (max-width: 767px){.kb-row-layout-id1541_d09edf-15 > .kt-row-column-wrap > div:not(.added-for-specificity){grid-column:initial;}.kb-row-layout-id1541_d09edf-15 > .kt-row-column-wrap{grid-template-columns:minmax(0, 1fr);}}<\/style><div class=\"kb-row-layout-wrap kb-row-layout-id1541_d09edf-15 alignnone wp-block-kadence-rowlayout\"><div class=\"kt-row-column-wrap kt-has-3-columns kt-row-layout-equal kt-tab-layout-inherit kt-mobile-layout-row kt-row-valign-top\">\n<style>.kadence-column1541_96a266-f2 > .kt-inside-inner-col,.kadence-column1541_96a266-f2 > .kt-inside-inner-col:before{border-top-left-radius:0px;border-top-right-radius:0px;border-bottom-right-radius:0px;border-bottom-left-radius:0px;}.kadence-column1541_96a266-f2 > .kt-inside-inner-col{column-gap:var(--global-kb-gap-sm, 1rem);}.kadence-column1541_96a266-f2 > .kt-inside-inner-col{flex-direction:column;}.kadence-column1541_96a266-f2 > .kt-inside-inner-col > .aligncenter{width:100%;}.kadence-column1541_96a266-f2 > .kt-inside-inner-col:before{opacity:0.3;}.kadence-column1541_96a266-f2{position:relative;}@media all and (max-width: 1024px){.kadence-column1541_96a266-f2 > .kt-inside-inner-col{flex-direction:column;}}@media all and (max-width: 767px){.kadence-column1541_96a266-f2 > .kt-inside-inner-col{flex-direction:column;}}<\/style>\n<div class=\"wp-block-kadence-column kadence-column1541_96a266-f2\"><div class=\"kt-inside-inner-col\">\n<figure class=\"wp-block-embed is-type-video is-provider-youtube wp-block-embed-youtube wp-embed-aspect-16-9 wp-has-aspect-ratio\"><div class=\"wp-block-embed__wrapper\">\n<iframe loading=\"lazy\" title=\"AURORA: Au c\u0153ur du forage, authentiquement au service de l&#039;Afrique\" width=\"720\" height=\"405\" src=\"https:\/\/www.youtube.com\/embed\/oHDVVeb1BQM?feature=oembed\" frameborder=\"0\" allow=\"accelerometer; autoplay; clipboard-write; encrypted-media; gyroscope; picture-in-picture; web-share\" referrerpolicy=\"strict-origin-when-cross-origin\" allowfullscreen><\/iframe>\n<\/div><\/figure>\n\n\n<style>.wp-block-kadence-spacer.kt-block-spacer-1541_a1989d-bb .kt-block-spacer{height:30px;}.wp-block-kadence-spacer.kt-block-spacer-1541_a1989d-bb .kt-divider{border-top-width:1px;height:1px;border-top-color:#eee;width:80%;border-top-style:solid;}<\/style>\n<div class=\"wp-block-kadence-spacer aligncenter kt-block-spacer-1541_a1989d-bb\"><div class=\"kt-block-spacer kt-block-spacer-halign-center\"><hr class=\"kt-divider\"\/><\/div><\/div>\n\n\n\n<figure class=\"wp-block-embed is-type-video is-provider-youtube wp-block-embed-youtube wp-embed-aspect-16-9 wp-has-aspect-ratio\"><div class=\"wp-block-embed__wrapper\">\n<iframe loading=\"lazy\" title=\"AURORA DRILLING CONTROLE GEOTECHNIQUE\" width=\"720\" height=\"405\" src=\"https:\/\/www.youtube.com\/embed\/niST38LqhN4?feature=oembed\" frameborder=\"0\" allow=\"accelerometer; autoplay; clipboard-write; encrypted-media; gyroscope; picture-in-picture; web-share\" referrerpolicy=\"strict-origin-when-cross-origin\" allowfullscreen><\/iframe>\n<\/div><\/figure>\n<\/div><\/div>\n\n\n<style>.kadence-column1541_f4c972-75 > .kt-inside-inner-col,.kadence-column1541_f4c972-75 > .kt-inside-inner-col:before{border-top-left-radius:0px;border-top-right-radius:0px;border-bottom-right-radius:0px;border-bottom-left-radius:0px;}.kadence-column1541_f4c972-75 > .kt-inside-inner-col{column-gap:var(--global-kb-gap-sm, 1rem);}.kadence-column1541_f4c972-75 > .kt-inside-inner-col{flex-direction:column;}.kadence-column1541_f4c972-75 > .kt-inside-inner-col > .aligncenter{width:100%;}.kadence-column1541_f4c972-75 > .kt-inside-inner-col:before{opacity:0.3;}.kadence-column1541_f4c972-75{position:relative;}@media all and (max-width: 1024px){.kadence-column1541_f4c972-75 > .kt-inside-inner-col{flex-direction:column;}}@media all and (max-width: 767px){.kadence-column1541_f4c972-75 > .kt-inside-inner-col{flex-direction:column;}}<\/style>\n<div class=\"wp-block-kadence-column kadence-column1541_f4c972-75\"><div class=\"kt-inside-inner-col\">\n<figure class=\"wp-block-embed is-type-video is-provider-youtube wp-block-embed-youtube wp-embed-aspect-16-9 wp-has-aspect-ratio\"><div class=\"wp-block-embed__wrapper\">\n<iframe loading=\"lazy\" title=\"We are on a mission to provide you with superior African drilling services\" width=\"720\" height=\"405\" src=\"https:\/\/www.youtube.com\/embed\/yjT3iEaCUbk?feature=oembed\" frameborder=\"0\" allow=\"accelerometer; autoplay; clipboard-write; encrypted-media; gyroscope; picture-in-picture; web-share\" referrerpolicy=\"strict-origin-when-cross-origin\" allowfullscreen><\/iframe>\n<\/div><\/figure>\n\n\n<style>.wp-block-kadence-spacer.kt-block-spacer-1541_14479d-1b .kt-block-spacer{height:30px;}.wp-block-kadence-spacer.kt-block-spacer-1541_14479d-1b .kt-divider{border-top-width:1px;height:1px;border-top-color:#eee;width:80%;border-top-style:solid;}<\/style>\n<div class=\"wp-block-kadence-spacer aligncenter kt-block-spacer-1541_14479d-1b\"><div class=\"kt-block-spacer kt-block-spacer-halign-center\"><hr class=\"kt-divider\"\/><\/div><\/div>\n\n\n\n<figure class=\"wp-block-video\"><video height=\"1080\" style=\"aspect-ratio: 1920 \/ 1080;\" width=\"1920\" controls poster=\"https:\/\/aurora-drilling.com\/wp-content\/uploads\/2025\/08\/bg-couverture-video.jpg\" src=\"https:\/\/aurora-drilling.com\/wp-content\/uploads\/2025\/08\/video.mp4\"><\/video><\/figure>\n<\/div><\/div>\n\n\n<style>.kadence-column1541_d67c86-10 > .kt-inside-inner-col,.kadence-column1541_d67c86-10 > .kt-inside-inner-col:before{border-top-left-radius:0px;border-top-right-radius:0px;border-bottom-right-radius:0px;border-bottom-left-radius:0px;}.kadence-column1541_d67c86-10 > .kt-inside-inner-col{column-gap:var(--global-kb-gap-sm, 1rem);}.kadence-column1541_d67c86-10 > .kt-inside-inner-col{flex-direction:column;}.kadence-column1541_d67c86-10 > .kt-inside-inner-col > .aligncenter{width:100%;}.kadence-column1541_d67c86-10 > .kt-inside-inner-col:before{opacity:0.3;}.kadence-column1541_d67c86-10{position:relative;}@media all and (max-width: 1024px){.kadence-column1541_d67c86-10 > .kt-inside-inner-col{flex-direction:column;}}@media all and (max-width: 767px){.kadence-column1541_d67c86-10 > .kt-inside-inner-col{flex-direction:column;}}<\/style>\n<div class=\"wp-block-kadence-column kadence-column1541_d67c86-10\"><div class=\"kt-inside-inner-col\">\n<figure class=\"wp-block-embed is-type-video is-provider-youtube wp-block-embed-youtube wp-embed-aspect-16-9 wp-has-aspect-ratio\"><div class=\"wp-block-embed__wrapper\">\n<iframe loading=\"lazy\" title=\"Mining Indaba: la DG des services de forage AURORA pr\u00e9sente les ambitions de la soci\u00e9t\u00e9\" width=\"720\" height=\"405\" src=\"https:\/\/www.youtube.com\/embed\/DXgQ1vu6O0Q?feature=oembed\" frameborder=\"0\" allow=\"accelerometer; autoplay; clipboard-write; encrypted-media; gyroscope; picture-in-picture; web-share\" referrerpolicy=\"strict-origin-when-cross-origin\" allowfullscreen><\/iframe>\n<\/div><\/figure>\n<\/div><\/div>\n\n<\/div><\/div><\/div><\/div>\n\n<\/div><\/div>","protected":false},"excerpt":{"rendered":"<p>M\u00e9diath\u00e8que<\/p>","protected":false},"author":1,"featured_media":0,"parent":0,"menu_order":0,"comment_status":"closed","ping_status":"closed","template":"","meta":{"_kadence_starter_templates_imported_post":false,"_kad_post_transparent":"","_kad_post_title":"","_kad_post_layout":"","_kad_post_sidebar_id":"","_kad_post_content_style":"","_kad_post_vertical_padding":"","_kad_post_feature":"","_kad_post_feature_position":"","_kad_post_header":false,"_kad_post_footer":false,"footnotes":""},"class_list":["post-1541","page","type-page","status-publish","hentry"],"_links":{"self":[{"href":"https:\/\/aurora-drilling.com\/en\/wp-json\/wp\/v2\/pages\/1541","targetHints":{"allow":["GET"]}}],"collection":[{"href":"https:\/\/aurora-drilling.com\/en\/wp-json\/wp\/v2\/pages"}],"about":[{"href":"https:\/\/aurora-drilling.com\/en\/wp-json\/wp\/v2\/types\/page"}],"author":[{"embeddable":true,"href":"https:\/\/aurora-drilling.com\/en\/wp-json\/wp\/v2\/users\/1"}],"replies":[{"embeddable":true,"href":"https:\/\/aurora-drilling.com\/en\/wp-json\/wp\/v2\/comments?post=1541"}],"version-history":[{"count":8,"href":"https:\/\/aurora-drilling.com\/en\/wp-json\/wp\/v2\/pages\/1541\/revisions"}],"predecessor-version":[{"id":1748,"href":"https:\/\/aurora-drilling.com\/en\/wp-json\/wp\/v2\/pages\/1541\/revisions\/1748"}],"wp:attachment":[{"href":"https:\/\/aurora-drilling.com\/en\/wp-json\/wp\/v2\/media?parent=1541"}],"curies":[{"name":"wp","href":"https:\/\/api.w.org\/{rel}","templated":true}]}}